{"id":91,"date":"2025-05-09T17:53:21","date_gmt":"2025-05-09T15:53:21","guid":{"rendered":"https:\/\/ipofrance.fr\/?page_id=91"},"modified":"2025-05-09T18:41:56","modified_gmt":"2025-05-09T16:41:56","slug":"nous-rejoindre","status":"publish","type":"page","link":"https:\/\/ipofrance.fr\/index.php\/nous-rejoindre\/","title":{"rendered":"Nous rejoindre"},"content":{"rendered":"\t\t<div data-elementor-type=\"wp-page\" data-elementor-id=\"91\" class=\"elementor elementor-91\">\n\t\t\t\t<div class=\"elementor-element elementor-element-e3ce497 e-flex e-con-boxed e-con e-parent\" data-id=\"e3ce497\" data-element_type=\"container\" data-e-type=\"container\">\n\t\t\t\t\t<div class=\"e-con-inner\">\n\t\t<div class=\"elementor-element elementor-element-6a83514 e-con-full e-flex e-con e-child\" data-id=\"6a83514\" data-element_type=\"container\" data-e-type=\"container\">\n\t\t\t\t<div class=\"elementor-element elementor-element-250dd71 elementor-widget elementor-widget-text-editor\" data-id=\"250dd71\" data-element_type=\"widget\" data-e-type=\"widget\" data-widget_type=\"text-editor.default\">\n\t\t\t\t<div class=\"elementor-widget-container\">\n\t\t\t\t\t\t\t\t\t<p>Rejoignez-nous et rejoignez un r\u00e9seau professionnel mondial passionn\u00e9 et engag\u00e9 \u00e0 cr\u00e9er un monde plus s\u00fbr.<\/p><p>Acqu\u00e9rez de l&rsquo;expertise et ouvrez des portes pour votre carri\u00e8re.<\/p><p>L&rsquo;I.P.O. abrite un r\u00e9seau in\u00e9gal\u00e9 de professionnels, d&rsquo;experts et de conseillers qui peuvent vous aider \u00e0 fa\u00e7onner votre carri\u00e8re, fournir des ressources pour acqu\u00e9rir de nouvelles comp\u00e9tences, faire progress-er votre perfectionnement professionnel et fournir de nombreuses possibilit\u00e9s de participation, de reconnais-sance et de profilage.<\/p><p>Collaborer avec les partenaires de l&rsquo;I.P.O., les coll\u00e8gues et les groupes membres, en ligne ou en personne, pour trouver et construire un support pour votre m\u00e9tier ou vos projets.<\/p><p>\u00c9largissez votre r\u00e9seau personnel avec des coll\u00e8gues qui partagent votre expertise et votre engagement.<\/p><p>Participez \u00e0 votre section IPO locale et b\u00e9n\u00e9ficiez de cours et de formations offert par des instructeurs accr\u00e9dit\u00e9s par l&rsquo;IPO.<\/p><p>En tant que membre de l&rsquo;I.P.O., vous faites partie d&rsquo;une grande famille de personnes partageant les m\u00eames id\u00e9es: servir et prot\u00e9ger les membres des forces de l&rsquo;ordre qui servent les citoyens de leur \u00c9tat.<\/p>\t\t\t\t\t\t\t\t<\/div>\n\t\t\t\t<\/div>\n\t\t\t\t<\/div>\n\t\t<div class=\"elementor-element elementor-element-5dd52fa e-con-full e-flex e-con e-child\" data-id=\"5dd52fa\" data-element_type=\"container\" data-e-type=\"container\">\n\t\t\t\t<div class=\"elementor-element elementor-element-bdfdd4f elementor-widget elementor-widget-image\" data-id=\"bdfdd4f\" data-element_type=\"widget\" data-e-type=\"widget\" data-widget_type=\"image.default\">\n\t\t\t\t<div class=\"elementor-widget-container\">\n\t\t\t\t\t\t\t\t\t\t\t\t\t\t\t<img fetchpriority=\"high\" decoding=\"async\" width=\"257\" height=\"300\" src=\"https:\/\/ipofrance.fr\/wp-content\/uploads\/2025\/05\/491444663_18301398319240741_1141997967486444902_n-257x300.jpg\" class=\"attachment-medium size-medium wp-image-102\" alt=\"\" srcset=\"https:\/\/ipofrance.fr\/wp-content\/uploads\/2025\/05\/491444663_18301398319240741_1141997967486444902_n-257x300.jpg 257w, https:\/\/ipofrance.fr\/wp-content\/uploads\/2025\/05\/491444663_18301398319240741_1141997967486444902_n-768x897.jpg 768w, https:\/\/ipofrance.fr\/wp-content\/uploads\/2025\/05\/491444663_18301398319240741_1141997967486444902_n.jpg 873w\" sizes=\"(max-width: 257px) 100vw, 257px\" \/>\t\t\t\t\t\t\t\t\t\t\t\t\t\t\t<\/div>\n\t\t\t\t<\/div>\n\t\t\t\t<div class=\"elementor-element elementor-element-6674bd8 elementor-widget elementor-widget-image\" data-id=\"6674bd8\" data-element_type=\"widget\" data-e-type=\"widget\" data-widget_type=\"image.default\">\n\t\t\t\t<div class=\"elementor-widget-container\">\n\t\t\t\t\t\t\t\t\t\t\t\t\t\t\t<img decoding=\"async\" width=\"300\" height=\"228\" src=\"https:\/\/ipofrance.fr\/wp-content\/uploads\/2025\/05\/491622694_10237955420614746_3896787568675211072_n-300x228.jpg\" class=\"attachment-medium size-medium wp-image-103\" alt=\"\" srcset=\"https:\/\/ipofrance.fr\/wp-content\/uploads\/2025\/05\/491622694_10237955420614746_3896787568675211072_n-300x228.jpg 300w, https:\/\/ipofrance.fr\/wp-content\/uploads\/2025\/05\/491622694_10237955420614746_3896787568675211072_n-1024x777.jpg 1024w, https:\/\/ipofrance.fr\/wp-content\/uploads\/2025\/05\/491622694_10237955420614746_3896787568675211072_n-768x583.jpg 768w, https:\/\/ipofrance.fr\/wp-content\/uploads\/2025\/05\/491622694_10237955420614746_3896787568675211072_n.jpg 1080w\" sizes=\"(max-width: 300px) 100vw, 300px\" \/>\t\t\t\t\t\t\t\t\t\t\t\t\t\t\t<\/div>\n\t\t\t\t<\/div>\n\t\t\t\t<\/div>\n\t\t\t\t\t<\/div>\n\t\t\t\t<\/div>\n\t\t<div class=\"elementor-element elementor-element-b99ce6c e-flex e-con-boxed e-con e-parent\" data-id=\"b99ce6c\" data-element_type=\"container\" data-e-type=\"container\">\n\t\t\t\t\t<div class=\"e-con-inner\">\n\t\t\t\t<div class=\"elementor-element elementor-element-d2e728e elementor-widget elementor-widget-button\" data-id=\"d2e728e\" data-element_type=\"widget\" data-e-type=\"widget\" data-widget_type=\"button.default\">\n\t\t\t\t<div class=\"elementor-widget-container\">\n\t\t\t\t\t\t\t\t\t<div class=\"elementor-button-wrapper\">\n\t\t\t\t\t<a class=\"elementor-button elementor-button-link elementor-size-sm\" href=\"https:\/\/ipofrance.fr\/index.php\/nous-rejoindre\/formulaire_adhesion\/\">\n\t\t\t\t\t\t<span class=\"elementor-button-content-wrapper\">\n\t\t\t\t\t\t\t\t\t<span class=\"elementor-button-text\">Nous rejoindre<\/span>\n\t\t\t\t\t<\/span>\n\t\t\t\t\t<\/a>\n\t\t\t\t<\/div>\n\t\t\t\t\t\t\t\t<\/div>\n\t\t\t\t<\/div>\n\t\t\t\t\t<\/div>\n\t\t\t\t<\/div>\n\t\t\t\t<\/div>\n\t\t","protected":false},"excerpt":{"rendered":"<p>Rejoignez-nous et rejoignez un r\u00e9seau professionnel mondial passionn\u00e9 et engag\u00e9 \u00e0 cr\u00e9er un monde plus s\u00fbr. Acqu\u00e9rez de l&rsquo;expertise et ouvrez des portes pour votre carri\u00e8re. L&rsquo;I.P.O. abrite un r\u00e9seau in\u00e9gal\u00e9 de professionnels, d&rsquo;experts et de conseillers qui peuvent vous aider \u00e0 fa\u00e7onner votre carri\u00e8re, fournir des ressources pour acqu\u00e9rir de nouvelles comp\u00e9tences, faire progress-er [&hellip;]<\/p>\n","protected":false},"author":2,"featured_media":0,"parent":0,"menu_order":25,"comment_status":"closed","ping_status":"closed","template":"","meta":{"footnotes":""},"class_list":["post-91","page","type-page","status-publish","hentry"],"blocksy_meta":[],"_links":{"self":[{"href":"https:\/\/ipofrance.fr\/index.php\/wp-json\/wp\/v2\/pages\/91","targetHints":{"allow":["GET"]}}],"collection":[{"href":"https:\/\/ipofrance.fr\/index.php\/wp-json\/wp\/v2\/pages"}],"about":[{"href":"https:\/\/ipofrance.fr\/index.php\/wp-json\/wp\/v2\/types\/page"}],"author":[{"embeddable":true,"href":"https:\/\/ipofrance.fr\/index.php\/wp-json\/wp\/v2\/users\/2"}],"replies":[{"embeddable":true,"href":"https:\/\/ipofrance.fr\/index.php\/wp-json\/wp\/v2\/comments?post=91"}],"version-history":[{"count":13,"href":"https:\/\/ipofrance.fr\/index.php\/wp-json\/wp\/v2\/pages\/91\/revisions"}],"predecessor-version":[{"id":125,"href":"https:\/\/ipofrance.fr\/index.php\/wp-json\/wp\/v2\/pages\/91\/revisions\/125"}],"wp:attachment":[{"href":"https:\/\/ipofrance.fr\/index.php\/wp-json\/wp\/v2\/media?parent=91"}],"curies":[{"name":"wp","href":"https:\/\/api.w.org\/{rel}","templated":true}]}}