{"id":83,"date":"2025-05-09T17:38:33","date_gmt":"2025-05-09T15:38:33","guid":{"rendered":"https:\/\/ipofrance.fr\/?page_id=83"},"modified":"2025-05-09T17:48:30","modified_gmt":"2025-05-09T15:48:30","slug":"nos-missions","status":"publish","type":"page","link":"https:\/\/ipofrance.fr\/index.php\/nos-missions\/","title":{"rendered":"Nos missions"},"content":{"rendered":"\t\t<div data-elementor-type=\"wp-page\" data-elementor-id=\"83\" class=\"elementor elementor-83\">\n\t\t\t\t<div class=\"elementor-element elementor-element-b16f3c2 e-flex e-con-boxed e-con e-parent\" data-id=\"b16f3c2\" data-element_type=\"container\" data-e-type=\"container\">\n\t\t\t\t\t<div class=\"e-con-inner\">\n\t\t<div class=\"elementor-element elementor-element-9753f89 e-con-full e-flex e-con e-child\" data-id=\"9753f89\" data-element_type=\"container\" data-e-type=\"container\">\n\t\t\t\t<div class=\"elementor-element elementor-element-7ecef8e elementor-widget elementor-widget-heading\" data-id=\"7ecef8e\" data-element_type=\"widget\" data-e-type=\"widget\" data-widget_type=\"heading.default\">\n\t\t\t\t<div class=\"elementor-widget-container\">\n\t\t\t\t\t<h2 class=\"elementor-heading-title elementor-size-default\">Nos missions :<\/h2>\t\t\t\t<\/div>\n\t\t\t\t<\/div>\n\t\t\t\t<div class=\"elementor-element elementor-element-172586d elementor-widget elementor-widget-text-editor\" data-id=\"172586d\" data-element_type=\"widget\" data-e-type=\"widget\" data-widget_type=\"text-editor.default\">\n\t\t\t\t<div class=\"elementor-widget-container\">\n\t\t\t\t\t\t\t\t\t<ul><li>Sensibilisation collective \u00e0 la s\u00e9curit\u00e9 dans la soci\u00e9t\u00e9, \u00e0 travers diverses activit\u00e9s et actions conformes \u00e0 la loi.\u00a0\u00a0<\/li><li>Une coop\u00e9ration \u00e9troite et une compl\u00e9mentarit\u00e9 de la th\u00e9orie et de la pratique dans les secteurs de la s\u00e9curit\u00e9, professionnelle et pratique, du milieu universitaire et des travailleurs en tant qu&rsquo;agents de s\u00e9curit\u00e9 publique ou priv\u00e9e.\u00a0\u00a0<\/li><li>Coop\u00e9ration avec d&rsquo;autres organisations polici\u00e8res sur le territoire national mais aussi dans le monde.\u00a0\u00a0<\/li><li>Coop\u00e9ration avec la police et les services de s\u00e9curit\u00e9 dans le domaine de l&rsquo;\u00e9ducation.\u00a0\u00a0<\/li><li>Travailler sur des propositions aux autorit\u00e9s comp\u00e9tentes et au public dans le domaine de la s\u00fbret\u00e9 et de la s\u00e9curit\u00e9, qui visent \u00e0 \u00e9lever le niveau de s\u00e9curit\u00e9 et \u00e0 professionnaliser les structures de s\u00e9curit\u00e9, dans le respect de l&rsquo;\u00c9tat de droit.\u00a0\u00a0<\/li><li>Coop\u00e9ration avec les syndicats et autres associations du secteur de la s\u00e9curit\u00e9 en termes d&rsquo;action commune et d&rsquo;\u00e9change d&rsquo;informations et des besoins du secteur de la s\u00e9curit\u00e9 afin d&rsquo;assurer une meilleure s\u00e9curit\u00e9 de l&rsquo;Etat et de la soci\u00e9t\u00e9 ainsi que de ces citoyens sans jamais exercer de missions de s\u00e9curit\u00e9 dans le sens l\u00e9gal du terme qui est r\u00e9gie par le CNAPS, et le statut de travail des employ\u00e9s du secteur de la s\u00e9curit\u00e9.\u00a0\u00a0<\/li><li>Activit\u00e9s affirmatives et positives qui rehaussent la r\u00e9putation et la confiance des citoyens dans la police, c&rsquo;est-\u00e0-dire secteur de la s\u00e9curit\u00e9 public (\u00e9tat) et priv\u00e9.<\/li><\/ul>\t\t\t\t\t\t\t\t<\/div>\n\t\t\t\t<\/div>\n\t\t\t\t<\/div>\n\t\t<div class=\"elementor-element elementor-element-0919a65 e-con-full e-flex e-con e-child\" data-id=\"0919a65\" data-element_type=\"container\" data-e-type=\"container\">\n\t\t\t\t<div class=\"elementor-element elementor-element-5139fe0 elementor-widget elementor-widget-heading\" data-id=\"5139fe0\" data-element_type=\"widget\" data-e-type=\"widget\" data-widget_type=\"heading.default\">\n\t\t\t\t<div class=\"elementor-widget-container\">\n\t\t\t\t\t<h2 class=\"elementor-heading-title elementor-size-default\">Nous proposons :<\/h2>\t\t\t\t<\/div>\n\t\t\t\t<\/div>\n\t\t\t\t<div class=\"elementor-element elementor-element-00b5948 elementor-widget elementor-widget-image\" data-id=\"00b5948\" data-element_type=\"widget\" data-e-type=\"widget\" data-widget_type=\"image.default\">\n\t\t\t\t<div class=\"elementor-widget-container\">\n\t\t\t\t\t\t\t\t\t\t\t\t\t\t\t<img fetchpriority=\"high\" decoding=\"async\" width=\"741\" height=\"666\" src=\"https:\/\/ipofrance.fr\/wp-content\/uploads\/2025\/05\/propositions.jpg\" class=\"attachment-large size-large wp-image-86\" alt=\"\" srcset=\"https:\/\/ipofrance.fr\/wp-content\/uploads\/2025\/05\/propositions.jpg 741w, https:\/\/ipofrance.fr\/wp-content\/uploads\/2025\/05\/propositions-300x270.jpg 300w\" sizes=\"(max-width: 741px) 100vw, 741px\" \/>\t\t\t\t\t\t\t\t\t\t\t\t\t\t\t<\/div>\n\t\t\t\t<\/div>\n\t\t\t\t<div class=\"elementor-element elementor-element-ae84082 elementor-widget elementor-widget-heading\" data-id=\"ae84082\" data-element_type=\"widget\" data-e-type=\"widget\" data-widget_type=\"heading.default\">\n\t\t\t\t<div class=\"elementor-widget-container\">\n\t\t\t\t\t<h2 class=\"elementor-heading-title elementor-size-default\">A qui nous adressons nous ?<\/h2>\t\t\t\t<\/div>\n\t\t\t\t<\/div>\n\t\t\t\t<div class=\"elementor-element elementor-element-03e0234 elementor-widget elementor-widget-image\" data-id=\"03e0234\" data-element_type=\"widget\" data-e-type=\"widget\" data-widget_type=\"image.default\">\n\t\t\t\t<div class=\"elementor-widget-container\">\n\t\t\t\t\t\t\t\t\t\t\t\t\t\t\t<img decoding=\"async\" width=\"729\" height=\"608\" src=\"https:\/\/ipofrance.fr\/wp-content\/uploads\/2025\/05\/adressons.jpg\" class=\"attachment-large size-large wp-image-87\" alt=\"\" srcset=\"https:\/\/ipofrance.fr\/wp-content\/uploads\/2025\/05\/adressons.jpg 729w, https:\/\/ipofrance.fr\/wp-content\/uploads\/2025\/05\/adressons-300x250.jpg 300w\" sizes=\"(max-width: 729px) 100vw, 729px\" \/>\t\t\t\t\t\t\t\t\t\t\t\t\t\t\t<\/div>\n\t\t\t\t<\/div>\n\t\t\t\t<\/div>\n\t\t\t\t\t<\/div>\n\t\t\t\t<\/div>\n\t\t\t\t<\/div>\n\t\t","protected":false},"excerpt":{"rendered":"<p>Nos missions : Sensibilisation collective \u00e0 la s\u00e9curit\u00e9 dans la soci\u00e9t\u00e9, \u00e0 travers diverses activit\u00e9s et actions conformes \u00e0 la loi.\u00a0\u00a0 Une coop\u00e9ration \u00e9troite et une compl\u00e9mentarit\u00e9 de la th\u00e9orie et de la pratique dans les secteurs de la s\u00e9curit\u00e9, professionnelle et pratique, du milieu universitaire et des travailleurs en tant qu&rsquo;agents de s\u00e9curit\u00e9 publique [&hellip;]<\/p>\n","protected":false},"author":2,"featured_media":0,"parent":0,"menu_order":23,"comment_status":"closed","ping_status":"closed","template":"","meta":{"footnotes":""},"class_list":["post-83","page","type-page","status-publish","hentry"],"blocksy_meta":[],"_links":{"self":[{"href":"https:\/\/ipofrance.fr\/index.php\/wp-json\/wp\/v2\/pages\/83","targetHints":{"allow":["GET"]}}],"collection":[{"href":"https:\/\/ipofrance.fr\/index.php\/wp-json\/wp\/v2\/pages"}],"about":[{"href":"https:\/\/ipofrance.fr\/index.php\/wp-json\/wp\/v2\/types\/page"}],"author":[{"embeddable":true,"href":"https:\/\/ipofrance.fr\/index.php\/wp-json\/wp\/v2\/users\/2"}],"replies":[{"embeddable":true,"href":"https:\/\/ipofrance.fr\/index.php\/wp-json\/wp\/v2\/comments?post=83"}],"version-history":[{"count":4,"href":"https:\/\/ipofrance.fr\/index.php\/wp-json\/wp\/v2\/pages\/83\/revisions"}],"predecessor-version":[{"id":90,"href":"https:\/\/ipofrance.fr\/index.php\/wp-json\/wp\/v2\/pages\/83\/revisions\/90"}],"wp:attachment":[{"href":"https:\/\/ipofrance.fr\/index.php\/wp-json\/wp\/v2\/media?parent=83"}],"curies":[{"name":"wp","href":"https:\/\/api.w.org\/{rel}","templated":true}]}}