{"id":60,"date":"2025-05-09T14:51:00","date_gmt":"2025-05-09T12:51:00","guid":{"rendered":"https:\/\/ipofrance.fr\/?page_id=60"},"modified":"2025-05-09T18:28:40","modified_gmt":"2025-05-09T16:28:40","slug":"a-propos","status":"publish","type":"page","link":"https:\/\/ipofrance.fr\/index.php\/a-propos\/","title":{"rendered":"A propos"},"content":{"rendered":"\t\t<div data-elementor-type=\"wp-page\" data-elementor-id=\"60\" class=\"elementor elementor-60\">\n\t\t\t\t<div class=\"elementor-element elementor-element-2f8ef3b e-flex e-con-boxed e-con e-parent\" data-id=\"2f8ef3b\" data-element_type=\"container\" data-e-type=\"container\">\n\t\t\t\t\t<div class=\"e-con-inner\">\n\t\t\t\t<div class=\"elementor-element elementor-element-1247b48 elementor-widget elementor-widget-heading\" data-id=\"1247b48\" data-element_type=\"widget\" data-e-type=\"widget\" data-widget_type=\"heading.default\">\n\t\t\t\t<div class=\"elementor-widget-container\">\n\t\t\t\t\t<h2 class=\"elementor-heading-title elementor-size-default\">Pr\u00e9sentation IPO France<\/h2>\t\t\t\t<\/div>\n\t\t\t\t<\/div>\n\t\t\t\t\t<\/div>\n\t\t\t\t<\/div>\n\t\t<div class=\"elementor-element elementor-element-217d5ce e-flex e-con-boxed e-con e-parent\" data-id=\"217d5ce\" data-element_type=\"container\" data-e-type=\"container\">\n\t\t\t\t\t<div class=\"e-con-inner\">\n\t\t<div class=\"elementor-element elementor-element-98c48d3 e-con-full e-flex e-con e-child\" data-id=\"98c48d3\" data-element_type=\"container\" data-e-type=\"container\">\n\t\t\t\t<div class=\"elementor-element elementor-element-f6e2ee0 elementor-widget elementor-widget-image\" data-id=\"f6e2ee0\" data-element_type=\"widget\" data-e-type=\"widget\" data-widget_type=\"image.default\">\n\t\t\t\t<div class=\"elementor-widget-container\">\n\t\t\t\t\t\t\t\t\t\t\t\t\t\t\t<img fetchpriority=\"high\" decoding=\"async\" width=\"266\" height=\"300\" src=\"https:\/\/ipofrance.fr\/wp-content\/uploads\/2025\/05\/Background-266x300.png\" class=\"attachment-medium size-medium wp-image-95\" alt=\"\" srcset=\"https:\/\/ipofrance.fr\/wp-content\/uploads\/2025\/05\/Background-266x300.png 266w, https:\/\/ipofrance.fr\/wp-content\/uploads\/2025\/05\/Background.png 599w\" sizes=\"(max-width: 266px) 100vw, 266px\" \/>\t\t\t\t\t\t\t\t\t\t\t\t\t\t\t<\/div>\n\t\t\t\t<\/div>\n\t\t\t\t<div class=\"elementor-element elementor-element-b51a2f8 elementor-widget elementor-widget-image\" data-id=\"b51a2f8\" data-element_type=\"widget\" data-e-type=\"widget\" data-widget_type=\"image.default\">\n\t\t\t\t<div class=\"elementor-widget-container\">\n\t\t\t\t\t\t\t\t\t\t\t\t\t\t\t<img decoding=\"async\" width=\"266\" height=\"300\" src=\"https:\/\/ipofrance.fr\/wp-content\/uploads\/2025\/05\/Background-1-266x300.png\" class=\"attachment-medium size-medium wp-image-94\" alt=\"\" srcset=\"https:\/\/ipofrance.fr\/wp-content\/uploads\/2025\/05\/Background-1-266x300.png 266w, https:\/\/ipofrance.fr\/wp-content\/uploads\/2025\/05\/Background-1.png 599w\" sizes=\"(max-width: 266px) 100vw, 266px\" \/>\t\t\t\t\t\t\t\t\t\t\t\t\t\t\t<\/div>\n\t\t\t\t<\/div>\n\t\t\t\t<\/div>\n\t\t<div class=\"elementor-element elementor-element-cbd39ce e-con-full e-flex e-con e-child\" data-id=\"cbd39ce\" data-element_type=\"container\" data-e-type=\"container\">\n\t\t\t\t<div class=\"elementor-element elementor-element-950956c elementor-widget elementor-widget-text-editor\" data-id=\"950956c\" data-element_type=\"widget\" data-e-type=\"widget\" data-widget_type=\"text-editor.default\">\n\t\t\t\t<div class=\"elementor-widget-container\">\n\t\t\t\t\t\t\t\t\t<p>L\u2019 IPO Section France est une association non gouvernementale \u00e0 but non lucratif, qui regroupe tous les personnels de la s\u00e9curit\u00e9\u00a0<span style=\"font-family: inherit; font-size: inherit; font-style: inherit; font-variant-ligatures: inherit; font-variant-caps: inherit; font-weight: inherit;\">(force de l\u2019ordre, militaires, agent de s\u00e9curit\u00e9 priv\u00e9e, APR\u2026) mais aussi les personnes souhaitant soutenir les forces de l\u2019ordre quel<\/span><span style=\"font-family: inherit; font-size: inherit; font-style: inherit; font-variant-ligatures: inherit; font-variant-caps: inherit; font-weight: inherit;\">que soit leur domaine d\u2019activit\u00e9.<\/span><\/p><p>L\u2019International Police Organization a \u00e9t\u00e9 cr\u00e9\u00e9e en 2018 en Serbie, et compte d\u00e9j\u00e0 37 pays membres \u00e0 travers le monde.<\/p><p>Faisant parti de l\u2019EcoSoc ( Conseil \u00e9conomique et social des Nations unies ) , son objectif est de rapprocher les populations avec ses\u00a0<span style=\"font-family: inherit; font-size: inherit; font-style: inherit; font-variant-ligatures: inherit; font-variant-caps: inherit; font-weight: inherit;\">personnels qui assurent leur s\u00e9curit\u00e9 au quotidien mais pas que\u2026<\/span><\/p><p>En effet, nous souhaitons apporter un outil de formation pour tous ces agents qui oeuvrent au quotidien et qui souhaitent acqu\u00e9rir de\u00a0<span style=\"font-family: inherit; font-size: inherit; font-style: inherit; font-variant-ligatures: inherit; font-variant-caps: inherit; font-weight: inherit;\">nouvelles comp\u00e9tences professionnelles dans diff\u00e9rents domaines comme la lutte anti-terroriste, la lutte contre le crime organis\u00e9,\u00a0<\/span><span style=\"font-family: inherit; font-size: inherit; font-style: inherit; font-variant-ligatures: inherit; font-variant-caps: inherit; font-weight: inherit;\">contre les stup\u00e9fiants \u2026<\/span><\/p><p>Nous proposons des cours sur diff\u00e9rents sujets en ligne, sur le site internet www.interpolice.org en anglais pour le moment mais nous\u00a0<span style=\"font-family: inherit; font-size: inherit; font-style: inherit; font-variant-ligatures: inherit; font-variant-caps: inherit; font-weight: inherit;\">esp\u00e9rons pouvoir d\u00e9velopper la section fran\u00e7aise dans ce domaine.<\/span><\/p><p>Notre objectif est \u00e9galement de pr\u00e9parer des stages de tir tactiques, technique de d\u00e9fense en intervention, technique d\u2019intervention,\u00a0<span style=\"font-family: inherit; font-size: inherit; font-style: inherit; font-variant-ligatures: inherit; font-variant-caps: inherit; font-weight: inherit;\">secourisme, afin de r\u00e9pondre \u00e0 une forte demande de nos coll\u00e8gues de terrain.<\/span><\/p><p>En aucun cas nous souhaitons nous substituer au r\u00e9f\u00e9rentielle institutionnelle des diff\u00e9rentes corporations mais proposer des outils\u00a0<span style=\"font-family: inherit; font-size: inherit; font-style: inherit; font-variant-ligatures: inherit; font-variant-caps: inherit; font-weight: inherit;\">p\u00e9dagogique pouvant \u00eatre compl\u00e9mentaire tout en respectant scrupuleusement le cadre l\u00e9gale en vigueur en France.<\/span><\/p>\t\t\t\t\t\t\t\t<\/div>\n\t\t\t\t<\/div>\n\t\t\t\t<\/div>\n\t\t\t\t\t<\/div>\n\t\t\t\t<\/div>\n\t\t\t\t<\/div>\n\t\t","protected":false},"excerpt":{"rendered":"<p>Pr\u00e9sentation IPO France L\u2019 IPO Section France est une association non gouvernementale \u00e0 but non lucratif, qui regroupe tous les personnels de la s\u00e9curit\u00e9\u00a0(force de l\u2019ordre, militaires, agent de s\u00e9curit\u00e9 priv\u00e9e, APR\u2026) mais aussi les personnes souhaitant soutenir les forces de l\u2019ordre quelque soit leur domaine d\u2019activit\u00e9. L\u2019International Police Organization a \u00e9t\u00e9 cr\u00e9\u00e9e en 2018 [&hellip;]<\/p>\n","protected":false},"author":2,"featured_media":0,"parent":0,"menu_order":20,"comment_status":"closed","ping_status":"closed","template":"","meta":{"footnotes":""},"class_list":["post-60","page","type-page","status-publish","hentry"],"blocksy_meta":[],"_links":{"self":[{"href":"https:\/\/ipofrance.fr\/index.php\/wp-json\/wp\/v2\/pages\/60","targetHints":{"allow":["GET"]}}],"collection":[{"href":"https:\/\/ipofrance.fr\/index.php\/wp-json\/wp\/v2\/pages"}],"about":[{"href":"https:\/\/ipofrance.fr\/index.php\/wp-json\/wp\/v2\/types\/page"}],"author":[{"embeddable":true,"href":"https:\/\/ipofrance.fr\/index.php\/wp-json\/wp\/v2\/users\/2"}],"replies":[{"embeddable":true,"href":"https:\/\/ipofrance.fr\/index.php\/wp-json\/wp\/v2\/comments?post=60"}],"version-history":[{"count":7,"href":"https:\/\/ipofrance.fr\/index.php\/wp-json\/wp\/v2\/pages\/60\/revisions"}],"predecessor-version":[{"id":109,"href":"https:\/\/ipofrance.fr\/index.php\/wp-json\/wp\/v2\/pages\/60\/revisions\/109"}],"wp:attachment":[{"href":"https:\/\/ipofrance.fr\/index.php\/wp-json\/wp\/v2\/media?parent=60"}],"curies":[{"name":"wp","href":"https:\/\/api.w.org\/{rel}","templated":true}]}}